{"id":14,"date":"2023-06-07T07:45:40","date_gmt":"2023-06-07T07:45:40","guid":{"rendered":"https:\/\/vsy.dev.modify.fi\/?page_id=14"},"modified":"2026-01-20T11:26:58","modified_gmt":"2026-01-20T11:26:58","slug":"14-2","status":"publish","type":"page","link":"https:\/\/kannustinmalli.fi\/kustavi\/14-2\/","title":{"rendered":"J\u00e4senmaksupalautuksen lomake"},"content":{"rendered":"<p>[et_pb_section fb_built=&#8221;1&#8243; _builder_version=&#8221;4.21.0&#8243; _module_preset=&#8221;default&#8221; global_colors_info=&#8221;{}&#8221;][et_pb_row _builder_version=&#8221;4.21.0&#8243; _module_preset=&#8221;default&#8221; max_width=&#8221;68%&#8221; global_colors_info=&#8221;{}&#8221;][et_pb_column type=&#8221;4_4&#8243; _builder_version=&#8221;4.21.0&#8243; _module_preset=&#8221;default&#8221; global_colors_info=&#8221;{}&#8221;][et_pb_text _builder_version=&#8221;4.21.0&#8243; _module_preset=&#8221;default&#8221; global_colors_info=&#8221;{}&#8221;]<\/p>\n<h1>J\u00e4senmaksupalautuksen lomake<\/h1>\n<p>[\/et_pb_text][\/et_pb_column][\/et_pb_row][et_pb_row _builder_version=&#8221;4.21.0&#8243; _module_preset=&#8221;default&#8221; max_width=&#8221;68%&#8221; custom_margin=&#8221;-20px|auto||auto||&#8221; global_colors_info=&#8221;{}&#8221;][et_pb_column type=&#8221;4_4&#8243; _builder_version=&#8221;4.21.0&#8243; _module_preset=&#8221;default&#8221; global_colors_info=&#8221;{}&#8221;][et_pb_text _builder_version=&#8221;4.27.5&#8243; _module_preset=&#8221;default&#8221; text_font_size=&#8221;15px&#8221; hover_enabled=&#8221;0&#8243; global_colors_info=&#8221;{}&#8221; sticky_enabled=&#8221;0&#8243;]<\/p>\n<p><strong>Luethan n\u00e4m\u00e4 ohjeet huolellisesti ennen kuin aloitat lomakkeen t\u00e4yt\u00f6n.<\/strong><\/p>\n<p>T\u00e4ytt\u00e4m\u00e4ll\u00e4 oheisen lomakkeen paikallisyhdistys antaa tiedot toimikauden aikana tehdyist\u00e4 toimenpiteist\u00e4, joiden pohjalta j\u00e4senmaksun palautusprosentti m\u00e4\u00e4r\u00e4ytyy vuosittain.<\/p>\n<p>Toimikausi on lokakuun alusta syyskuun loppuun. T\u00e4n\u00e4 vuonna lomake t\u00e4ytet\u00e4\u00e4n toimikaudelta 1.10.2025 \u2013 30.9.2026.<\/p>\n<p>Jokaisen paikallisyhdistyksen vastuulla on t\u00e4ytt\u00e4\u00e4 lomake annettujen ohjeiden mukaisesti ja asetettujen aikarajojen puitteissa. Tietojen oikeellisuudesta vastaa paikallisyhdistyksen hallitus. Suosittelemme, ett\u00e4 paikallisyhdistykset t\u00e4ytt\u00e4v\u00e4t lomaketta vuoden ymp\u00e4ri, jotta tehdyt toimenpiteet ovat hyv\u00e4ss\u00e4 muistissa eiv\u00e4tk\u00e4 j\u00e4\u00e4 kirjaamatta lomakkeelle. Hyv\u00e4 tapa on t\u00e4ytt\u00e4\u00e4 lomaketta esimerkiksi jokaisen hallituksen kokouksen yhteydess\u00e4 ja tehd\u00e4 samalla v\u00e4litarkastus siit\u00e4, mink\u00e4lainen tilanne paikallisyhdistyksell\u00e4 sill\u00e4 hetkell\u00e4 on.<\/p>\n<p>Lomake l\u00e4hetet\u00e4\u00e4n kerran vuodessa Varsinais-Suomen Yritt\u00e4jille painamalla lomakkeessa olevaa l\u00e4het\u00e4 -nappia. Toimitetut tiedot ja aineistot v\u00e4litet\u00e4\u00e4n aluej\u00e4rjest\u00f6n toimesta eteenp\u00e4in Varsinais-Suomen Yritt\u00e4jien vaalivaliokunnalle, joka tekee esityksen j\u00e4senmaksun jakoperusteista vuosikokoukselle. Lopullisen p\u00e4\u00e4t\u00f6ksen j\u00e4senmaksun suuruudesta tekee Varsinais-Suomen Yritt\u00e4jien vuosikokous.<\/p>\n<p>Lomake on jaettu viiteen alla olevaan osioon. Jokaiselle osiolle on oma v\u00e4lilehtens\u00e4 ja k\u00e4ytt\u00e4j\u00e4n\u00e4 p\u00e4\u00e4set liikkumaan v\u00e4lisivuille Seuraava ja Edellinen -nappien avulla, jotka l\u00f6yd\u00e4t sivun vasemmasta yl\u00e4kulmasta.<strong> Lomake tulee tallentaa k\u00e4ytt\u00e4j\u00e4n toimesta aina jokaisen k\u00e4ytt\u00f6kerran aikana, j\u00e4rjestelm\u00e4ss\u00e4 ei ole automaattitallennusta.<\/strong> Tallennus tapahtuu vasemmassa yl\u00e4kulmassa olevan Tallenna-napin avulla.<\/p>\n<p>Lomakkeen kaikkia osia ei ole pakollista t\u00e4ytt\u00e4\u00e4. Paikallisyhdistys t\u00e4ytt\u00e4\u00e4 ne kohdat, joihin on t\u00e4ytett\u00e4v\u00e4\u00e4 toimikaudella syntynyt. Kun lomakkeen kaikki halutut kohdat on t\u00e4ytetty kauden loppuun menness\u00e4, painetaan L\u00e4het\u00e4-nappia, josta lomake kokonaisuudessaan l\u00e4htee Varsinais-Suomen Yritt\u00e4jien k\u00e4sitelt\u00e4v\u00e4ksi. Lomake tulee l\u00e4hett\u00e4\u00e4 vuosittain l\u00e4ht\u00f6kohtaisesti vain kerran. Huomioithan, ett\u00e4 yhdest\u00e4 toimenpiteest\u00e4 on mahdollista saada pisteit\u00e4 vain yhdess\u00e4 lomakkeen kohdassa. Eli yhdest\u00e4 edunvalvontasaavutuksesta, lausunnosta, tapahtumasta tai viestint\u00e4toimenpiteest\u00e4 ei voi saada pisteit\u00e4 kahdessa paikassa samaan aikaan. Taktikointi on sallittua, eli laita toimenpide siihen osaan, mist\u00e4 saa eniten pisteit\u00e4.<\/p>\n<p>Tarvitsetko apua lomakkeen t\u00e4ytt\u00f6\u00f6n tai haluatko antaa palautetta kannustinmallista? Toimintavuoden aikana toimii kannustinmallin kehitt\u00e4misty\u00f6ryhm\u00e4 ja lis\u00e4ksi palautuksen l\u00e4hestyess\u00e4 j\u00e4rjestet\u00e4\u00e4n kannustinmallin sparrausklinikka. Toimistolta kannustinmallin yhteyshenkil\u00f6n\u00e4 toimii hallintokoordinaattori Hanna Anttalainen p. <a href=\"tel:04445567622\">0445567622<\/a>, <a href=\"mailto:hanna.anttalainen@yrittajat.fi\">hanna.anttalainen@yrittajat.fi<\/a> Tarvitsetko apua toimenpiteisiin esim. tapahtumien j\u00e4rjest\u00e4miseen, verkkosivujen p\u00e4ivitt\u00e4miseen tai uutiskirjeen laadintaan? Ota yhteytt\u00e4 Varsinais-Suomen Yritt\u00e4jien toimistoon p. <a href=\"tel:022757100\">02\u00a0275 7100<\/a> tai <a href=\"mailto:vsy@yrittajat.fi\">vsy@yrittajat.fi<\/a> niin autamme.<\/p>\n<p>[\/et_pb_text][\/et_pb_column][\/et_pb_row][et_pb_row _builder_version=&#8221;4.21.0&#8243; _module_preset=&#8221;default&#8221; width=&#8221;90%&#8221; max_width=&#8221;1500px&#8221; custom_padding=&#8221;44px|||||&#8221; global_colors_info=&#8221;{}&#8221;][et_pb_column type=&#8221;4_4&#8243; _builder_version=&#8221;4.21.0&#8243; _module_preset=&#8221;default&#8221; global_colors_info=&#8221;{}&#8221;][et_pb_code _builder_version=&#8221;4.27.5&#8243; _module_preset=&#8221;default&#8221; hover_enabled=&#8221;0&#8243; global_colors_info=&#8221;{}&#8221; sticky_enabled=&#8221;0&#8243;]You do not have permission to view this form.[\/et_pb_code][\/et_pb_column][\/et_pb_row][\/et_pb_section]<\/p>\n","protected":false},"excerpt":{"rendered":"<p>J\u00e4senmaksupalautuksen lomakeLuethan n\u00e4m\u00e4 ohjeet huolellisesti ennen kuin aloitat lomakkeen t\u00e4yt\u00f6n. T\u00e4ytt\u00e4m\u00e4ll\u00e4 oheisen lomakkeen paikallisyhdistys antaa tiedot toimikauden aikana tehdyist\u00e4 toimenpiteist\u00e4, joiden pohjalta j\u00e4senmaksun palautusprosentti m\u00e4\u00e4r\u00e4ytyy vuosittain. Toimikausi on lokakuun alusta syyskuun loppuun. T\u00e4n\u00e4 vuonna lomake t\u00e4ytet\u00e4\u00e4n toimikaudelta 1.10.2025 \u2013 30.9.2026. Jokaisen paikallisyhdistyksen vastuulla on t\u00e4ytt\u00e4\u00e4 lomake annettujen ohjeiden mukaisesti ja asetettujen aikarajojen puitteissa. Tietojen oikeellisuudesta [&hellip;]<\/p>\n","protected":false},"author":1,"featured_media":0,"parent":0,"menu_order":0,"comment_status":"closed","ping_status":"closed","template":"","meta":{"_et_pb_use_builder":"on","_et_pb_old_content":"","_et_gb_content_width":"","footnotes":""},"class_list":["post-14","page","type-page","status-publish","hentry"],"_links":{"self":[{"href":"https:\/\/kannustinmalli.fi\/kustavi\/wp-json\/wp\/v2\/pages\/14","targetHints":{"allow":["GET"]}}],"collection":[{"href":"https:\/\/kannustinmalli.fi\/kustavi\/wp-json\/wp\/v2\/pages"}],"about":[{"href":"https:\/\/kannustinmalli.fi\/kustavi\/wp-json\/wp\/v2\/types\/page"}],"author":[{"embeddable":true,"href":"https:\/\/kannustinmalli.fi\/kustavi\/wp-json\/wp\/v2\/users\/1"}],"replies":[{"embeddable":true,"href":"https:\/\/kannustinmalli.fi\/kustavi\/wp-json\/wp\/v2\/comments?post=14"}],"version-history":[{"count":21,"href":"https:\/\/kannustinmalli.fi\/kustavi\/wp-json\/wp\/v2\/pages\/14\/revisions"}],"predecessor-version":[{"id":561,"href":"https:\/\/kannustinmalli.fi\/kustavi\/wp-json\/wp\/v2\/pages\/14\/revisions\/561"}],"wp:attachment":[{"href":"https:\/\/kannustinmalli.fi\/kustavi\/wp-json\/wp\/v2\/media?parent=14"}],"curies":[{"name":"wp","href":"https:\/\/api.w.org\/{rel}","templated":true}]}}